{"id":5566,"date":"2025-06-05T07:21:11","date_gmt":"2025-06-05T07:21:11","guid":{"rendered":"https:\/\/moubenestar.com\/la-sala\/"},"modified":"2025-06-30T08:11:50","modified_gmt":"2025-06-30T08:11:50","slug":"la-sala","status":"publish","type":"page","link":"https:\/\/moubenestar.com\/es\/la-sala\/","title":{"rendered":"La sala"},"content":{"rendered":"<div class=\"wpb-content-wrapper\">[vc_section full_width=\u00bbstretch_row_content\u00bb css=\u00bb.vc_custom_1749110141870{padding-top: 80px !important;padding-bottom: 80px !important;}\u00bb][vc_row column_spacing=\u00bb0px\u00bb equal_height=\u00bbyes\u00bb remove_bottom_col_margin=\u00bbtrue\u00bb tablet_fullwidth_cols=\u00bbyes\u00bb max_width_custom=\u00bb1100px\u00bb][vc_column width=\u00bb1\/2&#8243; el_class=\u00bbcaixa-la-sala\u00bb css=\u00bb.vc_custom_1749110893165{padding-top: 0px !important;padding-right: 0px !important;padding-bottom: 0px !important;padding-left: 0px !important;}\u00bb]<style>.vcex-heading.vcex_69e006c1a6fd3{color:var(--wpex-palette-4735-color);font-size:28px;}<\/style><h2 class=\"vcex-heading vcex-heading-plain vcex-module wpex-heading wpex-text-2xl wpex-mt-0 wpex-mb-20 vcex_69e006c1a6fd3\"><span class=\"vcex-heading-inner wpex-inline-block\">La sala<\/span><\/h2>[vc_column_text css=\u00bb\u00bb color=\u00bbpalette-4735&#8243; font_size=\u00bb15px\u00bb el_class=\u00bbjustificar\u00bb]Un espacio dise\u00f1ado para cuidarte.<\/p>\n<p>C\u00e1lido, acogedor y pensado para ofrecerte <strong>bienestar<\/strong>. El suelo de parqu\u00e9 aporta una sensaci\u00f3n de confort y estabilidad, mientras que la iluminaci\u00f3n c\u00e1lida crea un ambiente ideal para <strong>conectar con tu cuerpo<\/strong>.<\/p>\n<p>La sala est\u00e1 equipada con todo el material necesario para la pr\u00e1ctica de yoga, pilates y entrenamiento personal: esterilles, bloques, pelotas, espalderas y otros elementos de apoyo.<\/p>\n<p>Adem\u00e1s, contamos con una <strong>m\u00e1quina de pilates<\/strong> espec\u00edfica para las sesiones de entrenamiento personal, que permite trabajar de manera m\u00e1s precisa y adaptada.<\/p>\n<p>Un entorno vers\u00e1til y cuidado porque te sientas <strong>segura, presente y acompa\u00f1ada<\/strong> en cada movimiento.[\/vc_column_text][\/vc_column][vc_column width=\u00bb1\/2&#8243; css=\u00bb.vc_custom_1749110724576{padding-top: 0px !important;padding-right: 0px !important;padding-bottom: 0px !important;padding-left: 0px !important;}\u00bb]<div class=\"wpex-slider-preloaderimg \"><img data-no-lazy=\"1\" class=\"skip-lazy\" src=\"https:\/\/moubenestar.com\/wp-content\/uploads\/2025\/06\/sala-4-850x850.jpg\" alt=\"Ioga i plates Arenys de Munt\nEspai de Ioga i Pilates - MOUbenestar\" srcset=\"https:\/\/moubenestar.com\/wp-content\/uploads\/2025\/06\/sala-4-850x850.jpg 850w, https:\/\/moubenestar.com\/wp-content\/uploads\/2025\/06\/sala-4-300x300.jpg 300w, https:\/\/moubenestar.com\/wp-content\/uploads\/2025\/06\/sala-4-150x150.jpg 150w, https:\/\/moubenestar.com\/wp-content\/uploads\/2025\/06\/sala-4-768x768.jpg 768w, https:\/\/moubenestar.com\/wp-content\/uploads\/2025\/06\/sala-4-500x500.jpg 500w, https:\/\/moubenestar.com\/wp-content\/uploads\/2025\/06\/sala-4-750x750.jpg 750w, https:\/\/moubenestar.com\/wp-content\/uploads\/2025\/06\/sala-4-800x800.jpg 800w, https:\/\/moubenestar.com\/wp-content\/uploads\/2025\/06\/sala-4.jpg 1000w\" width=\"850\" height=\"850\"><\/div><div class=\"vcex-module wpex-slider slider-pro no-margin-thumbnails vcex-image-gallery-slider wpex-lightbox-group\" data-thumbnails=\"true\" data-thumbnail-height=\"auto\" data-loop=\"true\" data-auto-play-delay=\"5000\" data-buttons=\"false\" data-animation-speed=\"600\" data-height-animation-duration=\"500\" data-show_title=\"false\"><div class=\"wpex-slider-slides sp-slides\"><div class=\"wpex-slider-slide sp-slide\"><div class=\"wpex-slider-media\"><a href=\"https:\/\/moubenestar.com\/wp-content\/uploads\/2025\/06\/sala-4.jpg\" class=\"vcex-galleryslider-entry-img wpex-lightbox-group-item\"><img data-no-lazy=\"1\" class=\"skip-lazy\" alt=\"Ioga i plates Arenys de Munt\nEspai de Ioga i Pilates - MOUbenestar\" src=\"https:\/\/moubenestar.com\/wp-content\/uploads\/2025\/06\/sala-4-850x850.jpg\" srcset=\"https:\/\/moubenestar.com\/wp-content\/uploads\/2025\/06\/sala-4-850x850.jpg 850w, https:\/\/moubenestar.com\/wp-content\/uploads\/2025\/06\/sala-4-300x300.jpg 300w, https:\/\/moubenestar.com\/wp-content\/uploads\/2025\/06\/sala-4-150x150.jpg 150w, https:\/\/moubenestar.com\/wp-content\/uploads\/2025\/06\/sala-4-768x768.jpg 768w, https:\/\/moubenestar.com\/wp-content\/uploads\/2025\/06\/sala-4-500x500.jpg 500w, https:\/\/moubenestar.com\/wp-content\/uploads\/2025\/06\/sala-4-750x750.jpg 750w, https:\/\/moubenestar.com\/wp-content\/uploads\/2025\/06\/sala-4-800x800.jpg 800w, https:\/\/moubenestar.com\/wp-content\/uploads\/2025\/06\/sala-4.jpg 1000w\" width=\"850\" height=\"850\"><\/a><\/div><\/div><div class=\"wpex-slider-slide sp-slide\"><div class=\"wpex-slider-media\"><a href=\"https:\/\/moubenestar.com\/wp-content\/uploads\/2025\/06\/sala-3.jpg\" class=\"vcex-galleryslider-entry-img wpex-lightbox-group-item\"><img data-no-lazy=\"1\" class=\"skip-lazy\" alt=\"Ioga i plates Arenys de Munt\nEspai de Ioga i Pilates - MOUbenestar\" src=\"https:\/\/moubenestar.com\/wp-content\/uploads\/2025\/06\/sala-3-850x850.jpg\" srcset=\"https:\/\/moubenestar.com\/wp-content\/uploads\/2025\/06\/sala-3-850x850.jpg 850w, https:\/\/moubenestar.com\/wp-content\/uploads\/2025\/06\/sala-3-300x300.jpg 300w, https:\/\/moubenestar.com\/wp-content\/uploads\/2025\/06\/sala-3-150x150.jpg 150w, https:\/\/moubenestar.com\/wp-content\/uploads\/2025\/06\/sala-3-768x768.jpg 768w, https:\/\/moubenestar.com\/wp-content\/uploads\/2025\/06\/sala-3-500x500.jpg 500w, https:\/\/moubenestar.com\/wp-content\/uploads\/2025\/06\/sala-3-750x750.jpg 750w, https:\/\/moubenestar.com\/wp-content\/uploads\/2025\/06\/sala-3-800x800.jpg 800w, https:\/\/moubenestar.com\/wp-content\/uploads\/2025\/06\/sala-3.jpg 1000w\" width=\"850\" height=\"850\"><\/a><\/div><\/div><div class=\"wpex-slider-slide sp-slide\"><div class=\"wpex-slider-media\"><a href=\"https:\/\/moubenestar.com\/wp-content\/uploads\/2025\/06\/sala-5.jpg\" class=\"vcex-galleryslider-entry-img wpex-lightbox-group-item\"><img data-no-lazy=\"1\" class=\"skip-lazy\" alt=\"Ioga i plates Arenys de Munt\nEspai de Ioga i Pilates - MOUbenestar\" src=\"https:\/\/moubenestar.com\/wp-content\/uploads\/2025\/06\/sala-5-850x850.jpg\" srcset=\"https:\/\/moubenestar.com\/wp-content\/uploads\/2025\/06\/sala-5-850x850.jpg 850w, https:\/\/moubenestar.com\/wp-content\/uploads\/2025\/06\/sala-5-300x300.jpg 300w, https:\/\/moubenestar.com\/wp-content\/uploads\/2025\/06\/sala-5-150x150.jpg 150w, https:\/\/moubenestar.com\/wp-content\/uploads\/2025\/06\/sala-5-768x768.jpg 768w, https:\/\/moubenestar.com\/wp-content\/uploads\/2025\/06\/sala-5.jpg 1000w\" width=\"850\" height=\"850\"><\/a><\/div><\/div><div class=\"wpex-slider-slide sp-slide\"><div class=\"wpex-slider-media\"><a href=\"https:\/\/moubenestar.com\/wp-content\/uploads\/2025\/06\/sala-6.jpg\" class=\"vcex-galleryslider-entry-img wpex-lightbox-group-item\"><img data-no-lazy=\"1\" class=\"skip-lazy\" alt=\"Ioga i plates Arenys de Munt\nEspai de Ioga i Pilates - MOUbenestar\" src=\"https:\/\/moubenestar.com\/wp-content\/uploads\/2025\/06\/sala-6-850x850.jpg\" srcset=\"https:\/\/moubenestar.com\/wp-content\/uploads\/2025\/06\/sala-6-850x850.jpg 850w, https:\/\/moubenestar.com\/wp-content\/uploads\/2025\/06\/sala-6-300x300.jpg 300w, https:\/\/moubenestar.com\/wp-content\/uploads\/2025\/06\/sala-6-150x150.jpg 150w, https:\/\/moubenestar.com\/wp-content\/uploads\/2025\/06\/sala-6-768x768.jpg 768w, https:\/\/moubenestar.com\/wp-content\/uploads\/2025\/06\/sala-6.jpg 1000w\" width=\"850\" height=\"850\"><\/a><\/div><\/div><div class=\"wpex-slider-slide sp-slide\"><div class=\"wpex-slider-media\"><a href=\"https:\/\/moubenestar.com\/wp-content\/uploads\/2025\/06\/sala-7.jpg\" class=\"vcex-galleryslider-entry-img wpex-lightbox-group-item\"><img data-no-lazy=\"1\" class=\"skip-lazy\" alt=\"Ioga i plates Arenys de Munt\nEspai de Ioga i Pilates - MOUbenestar\" src=\"https:\/\/moubenestar.com\/wp-content\/uploads\/2025\/06\/sala-7-850x850.jpg\" srcset=\"https:\/\/moubenestar.com\/wp-content\/uploads\/2025\/06\/sala-7-850x850.jpg 850w, https:\/\/moubenestar.com\/wp-content\/uploads\/2025\/06\/sala-7-300x300.jpg 300w, https:\/\/moubenestar.com\/wp-content\/uploads\/2025\/06\/sala-7-150x150.jpg 150w, https:\/\/moubenestar.com\/wp-content\/uploads\/2025\/06\/sala-7-768x768.jpg 768w, https:\/\/moubenestar.com\/wp-content\/uploads\/2025\/06\/sala-7.jpg 1000w\" width=\"850\" height=\"850\"><\/a><\/div><\/div><div class=\"wpex-slider-slide sp-slide\"><div class=\"wpex-slider-media\"><a href=\"https:\/\/moubenestar.com\/wp-content\/uploads\/2025\/06\/sala-8.jpg\" class=\"vcex-galleryslider-entry-img wpex-lightbox-group-item\"><img data-no-lazy=\"1\" class=\"skip-lazy\" alt=\"Ioga i plates Arenys de Munt\nEspai de Ioga i Pilates - MOUbenestar\" src=\"https:\/\/moubenestar.com\/wp-content\/uploads\/2025\/06\/sala-8-850x850.jpg\" srcset=\"https:\/\/moubenestar.com\/wp-content\/uploads\/2025\/06\/sala-8-850x850.jpg 850w, https:\/\/moubenestar.com\/wp-content\/uploads\/2025\/06\/sala-8-300x300.jpg 300w, https:\/\/moubenestar.com\/wp-content\/uploads\/2025\/06\/sala-8-150x150.jpg 150w, https:\/\/moubenestar.com\/wp-content\/uploads\/2025\/06\/sala-8-768x768.jpg 768w, https:\/\/moubenestar.com\/wp-content\/uploads\/2025\/06\/sala-8.jpg 1000w\" width=\"850\" height=\"850\"><\/a><\/div><\/div><\/div><div class=\"wpex-slider-thumbnails sp-nc-thumbnails wpex-grid wpex-grid-cols-4\"><img width=\"1000\" height=\"1000\" src=\"https:\/\/moubenestar.com\/wp-content\/uploads\/2025\/06\/sala-4.jpg\" class=\"wpex-slider-thumbnail wpex-block wpex-w-100 sp-nc-thumbnail skip-lazy\" alt=\"Ioga i plates Arenys de Munt\nEspai de Ioga i Pilates - MOUbenestar\" data-no-lazy=\"1\" srcset=\"https:\/\/moubenestar.com\/wp-content\/uploads\/2025\/06\/sala-4.jpg 1000w, https:\/\/moubenestar.com\/wp-content\/uploads\/2025\/06\/sala-4-300x300.jpg 300w, https:\/\/moubenestar.com\/wp-content\/uploads\/2025\/06\/sala-4-150x150.jpg 150w, https:\/\/moubenestar.com\/wp-content\/uploads\/2025\/06\/sala-4-768x768.jpg 768w, https:\/\/moubenestar.com\/wp-content\/uploads\/2025\/06\/sala-4-500x500.jpg 500w, https:\/\/moubenestar.com\/wp-content\/uploads\/2025\/06\/sala-4-750x750.jpg 750w, https:\/\/moubenestar.com\/wp-content\/uploads\/2025\/06\/sala-4-800x800.jpg 800w, https:\/\/moubenestar.com\/wp-content\/uploads\/2025\/06\/sala-4-850x850.jpg 850w\" sizes=\"(max-width: 1000px) 100vw, 1000px\" \/><img width=\"1000\" height=\"1000\" src=\"https:\/\/moubenestar.com\/wp-content\/uploads\/2025\/06\/sala-3.jpg\" class=\"wpex-slider-thumbnail wpex-block wpex-w-100 sp-nc-thumbnail skip-lazy\" alt=\"Ioga i plates Arenys de Munt\nEspai de Ioga i Pilates - MOUbenestar\" data-no-lazy=\"1\" srcset=\"https:\/\/moubenestar.com\/wp-content\/uploads\/2025\/06\/sala-3.jpg 1000w, https:\/\/moubenestar.com\/wp-content\/uploads\/2025\/06\/sala-3-300x300.jpg 300w, https:\/\/moubenestar.com\/wp-content\/uploads\/2025\/06\/sala-3-150x150.jpg 150w, https:\/\/moubenestar.com\/wp-content\/uploads\/2025\/06\/sala-3-768x768.jpg 768w, https:\/\/moubenestar.com\/wp-content\/uploads\/2025\/06\/sala-3-500x500.jpg 500w, https:\/\/moubenestar.com\/wp-content\/uploads\/2025\/06\/sala-3-750x750.jpg 750w, https:\/\/moubenestar.com\/wp-content\/uploads\/2025\/06\/sala-3-800x800.jpg 800w, https:\/\/moubenestar.com\/wp-content\/uploads\/2025\/06\/sala-3-850x850.jpg 850w\" sizes=\"(max-width: 1000px) 100vw, 1000px\" \/><img width=\"1000\" height=\"1000\" src=\"https:\/\/moubenestar.com\/wp-content\/uploads\/2025\/06\/sala-5.jpg\" class=\"wpex-slider-thumbnail wpex-block wpex-w-100 sp-nc-thumbnail skip-lazy\" alt=\"Ioga i plates Arenys de Munt\nEspai de Ioga i Pilates - MOUbenestar\" data-no-lazy=\"1\" srcset=\"https:\/\/moubenestar.com\/wp-content\/uploads\/2025\/06\/sala-5.jpg 1000w, https:\/\/moubenestar.com\/wp-content\/uploads\/2025\/06\/sala-5-300x300.jpg 300w, https:\/\/moubenestar.com\/wp-content\/uploads\/2025\/06\/sala-5-150x150.jpg 150w, https:\/\/moubenestar.com\/wp-content\/uploads\/2025\/06\/sala-5-768x768.jpg 768w, https:\/\/moubenestar.com\/wp-content\/uploads\/2025\/06\/sala-5-850x850.jpg 850w\" sizes=\"(max-width: 1000px) 100vw, 1000px\" \/><img width=\"1000\" height=\"1000\" src=\"https:\/\/moubenestar.com\/wp-content\/uploads\/2025\/06\/sala-6.jpg\" class=\"wpex-slider-thumbnail wpex-block wpex-w-100 sp-nc-thumbnail skip-lazy\" alt=\"Ioga i plates Arenys de Munt\nEspai de Ioga i Pilates - MOUbenestar\" data-no-lazy=\"1\" srcset=\"https:\/\/moubenestar.com\/wp-content\/uploads\/2025\/06\/sala-6.jpg 1000w, https:\/\/moubenestar.com\/wp-content\/uploads\/2025\/06\/sala-6-300x300.jpg 300w, https:\/\/moubenestar.com\/wp-content\/uploads\/2025\/06\/sala-6-150x150.jpg 150w, https:\/\/moubenestar.com\/wp-content\/uploads\/2025\/06\/sala-6-768x768.jpg 768w, https:\/\/moubenestar.com\/wp-content\/uploads\/2025\/06\/sala-6-850x850.jpg 850w\" sizes=\"(max-width: 1000px) 100vw, 1000px\" \/><img width=\"1000\" height=\"1000\" src=\"https:\/\/moubenestar.com\/wp-content\/uploads\/2025\/06\/sala-7.jpg\" class=\"wpex-slider-thumbnail wpex-block wpex-w-100 sp-nc-thumbnail skip-lazy\" alt=\"Ioga i plates Arenys de Munt\nEspai de Ioga i Pilates - MOUbenestar\" data-no-lazy=\"1\" srcset=\"https:\/\/moubenestar.com\/wp-content\/uploads\/2025\/06\/sala-7.jpg 1000w, https:\/\/moubenestar.com\/wp-content\/uploads\/2025\/06\/sala-7-300x300.jpg 300w, https:\/\/moubenestar.com\/wp-content\/uploads\/2025\/06\/sala-7-150x150.jpg 150w, https:\/\/moubenestar.com\/wp-content\/uploads\/2025\/06\/sala-7-768x768.jpg 768w, https:\/\/moubenestar.com\/wp-content\/uploads\/2025\/06\/sala-7-850x850.jpg 850w\" sizes=\"(max-width: 1000px) 100vw, 1000px\" \/><img width=\"1000\" height=\"1000\" src=\"https:\/\/moubenestar.com\/wp-content\/uploads\/2025\/06\/sala-8.jpg\" class=\"wpex-slider-thumbnail wpex-block wpex-w-100 sp-nc-thumbnail skip-lazy\" alt=\"Ioga i plates Arenys de Munt\nEspai de Ioga i Pilates - MOUbenestar\" data-no-lazy=\"1\" srcset=\"https:\/\/moubenestar.com\/wp-content\/uploads\/2025\/06\/sala-8.jpg 1000w, https:\/\/moubenestar.com\/wp-content\/uploads\/2025\/06\/sala-8-300x300.jpg 300w, https:\/\/moubenestar.com\/wp-content\/uploads\/2025\/06\/sala-8-150x150.jpg 150w, https:\/\/moubenestar.com\/wp-content\/uploads\/2025\/06\/sala-8-768x768.jpg 768w, https:\/\/moubenestar.com\/wp-content\/uploads\/2025\/06\/sala-8-850x850.jpg 850w\" sizes=\"(max-width: 1000px) 100vw, 1000px\" \/><\/div><\/div>[\/vc_column][\/vc_row][vc_row column_spacing=\u00bb0px\u00bb equal_height=\u00bbyes\u00bb remove_bottom_col_margin=\u00bbtrue\u00bb columns_right=\u00bbyes\u00bb tablet_fullwidth_cols=\u00bbyes\u00bb max_width_custom=\u00bb1100px\u00bb][vc_column width=\u00bb1\/2&#8243; el_class=\u00bbcaixa-la-sala\u00bb css=\u00bb.vc_custom_1749110893165{padding-top: 0px !important;padding-right: 0px !important;padding-bottom: 0px !important;padding-left: 0px !important;}\u00bb]<style>.vcex-heading.vcex_69e006c1b09e2{color:var(--wpex-palette-4735-color);font-size:28px;}<\/style><h2 class=\"vcex-heading vcex-heading-plain vcex-module wpex-heading wpex-text-2xl wpex-mt-0 wpex-mb-10 vcex_69e006c1b09e2\"><span class=\"vcex-heading-inner wpex-inline-block\">Sobre mi<\/span><\/h2><style>.vcex-heading.vcex_69e006c1b150f{color:var(--wpex-palette-4735-color);font-size:22px;font-weight:800;}<\/style><h3 class=\"vcex-heading vcex-heading-plain vcex-module wpex-heading wpex-text-2xl wpex-mt-0 wpex-mb-20 vcex_69e006c1b150f\"><span class=\"vcex-heading-inner wpex-inline-block\">Comprometida con el movimiento y un estilo de vida activo<\/span><\/h3>[vc_column_text css=\u00bb\u00bb color=\u00bbpalette-4735&#8243; font_size=\u00bb15px\u00bb el_class=\u00bbjustificar\u00bb]<strong>Licenciada en CAFE y especialista en yoga y pilates<\/strong>, con formaci\u00f3n en todas las etapas de la vida, incluyendo embarazo, posparto y ni\u00f1os.<br \/>\nTrabajo desde la profesionalidad y el respeto, adaptando cada sesi\u00f3n a las necesidades de las personas, y velando siempre por una pr\u00e1ctica segura y personalizada.<\/p>\n<p>Con una mirada cuidadosa y llena de presencia, me apasiona facilitar momentos en que el cuerpo se mueve, se cuida y se escucha.[\/vc_column_text][\/vc_column][vc_column width=\u00bb1\/2&#8243; css=\u00bb.vc_custom_1749110724576{padding-top: 0px !important;padding-right: 0px !important;padding-bottom: 0px !important;padding-left: 0px !important;}\u00bb]<figure class=\"vcex-image vcex-module\"><div class=\"vcex-image-inner wpex-relative wpex-inline-block\"><img width=\"1000\" height=\"1000\" src=\"https:\/\/moubenestar.com\/wp-content\/uploads\/2025\/06\/img-sobre-mi.jpg\" class=\"vcex-image-img wpex-align-middle\" alt=\"Ioga i plates Arenys de Munt\nEspai de Ioga i Pilates - MOUbenestar\" loading=\"lazy\" decoding=\"async\" srcset=\"https:\/\/moubenestar.com\/wp-content\/uploads\/2025\/06\/img-sobre-mi.jpg 1000w, https:\/\/moubenestar.com\/wp-content\/uploads\/2025\/06\/img-sobre-mi-300x300.jpg 300w, https:\/\/moubenestar.com\/wp-content\/uploads\/2025\/06\/img-sobre-mi-150x150.jpg 150w, https:\/\/moubenestar.com\/wp-content\/uploads\/2025\/06\/img-sobre-mi-768x768.jpg 768w\" sizes=\"auto, (max-width: 1000px) 100vw, 1000px\" \/><\/div><\/figure>[\/vc_column][\/vc_row][\/vc_section]\n<\/div>","protected":false},"excerpt":{"rendered":"<p>[vc_section full_width=\u00bbstretch_row_content\u00bb css=\u00bb.vc_custom_1749110141870{padding-top: 80px !important;padding-bottom: 80px !important;}\u00bb][vc_row column_spacing=\u00bb0px\u00bb equal_height=\u00bbyes\u00bb remove_bottom_col_margin=\u00bbtrue\u00bb tablet_fullwidth_cols=\u00bbyes\u00bb max_width_custom=\u00bb1100px\u00bb][vc_column width=\u00bb1\/2&#8243; el_class=\u00bbcaixa-la-sala\u00bb css=\u00bb.vc_custom_1749110893165{padding-top: 0px !important;padding-right: 0px !important;padding-bottom: 0px !important;padding-left: 0px !important;}\u00bb][vc_column_text css=\u00bb\u00bb color=\u00bbpalette-4735&#8243; font_size=\u00bb15px\u00bb el_class=\u00bbjustificar\u00bb]Un espacio dise\u00f1ado para cuidarte. C\u00e1lido, acogedor y pensado para ofrecerte bienestar. El suelo de parqu\u00e9 aporta una sensaci\u00f3n de confort y estabilidad, mientras que la iluminaci\u00f3n c\u00e1lida crea&hellip;<\/p>\n","protected":false},"author":1,"featured_media":0,"parent":0,"menu_order":0,"comment_status":"closed","ping_status":"closed","template":"","meta":{"footnotes":""},"class_list":["post-5566","page","type-page","status-publish","hentry","entry","no-media"],"yoast_head":"<!-- This site is optimized with the Yoast SEO plugin v25.3.1 - https:\/\/yoast.com\/wordpress\/plugins\/seo\/ -->\n<title>La sala - MOUbenestar - Ioga i Pilates<\/title>\n<meta name=\"robots\" content=\"index, follow, max-snippet:-1, max-image-preview:large, max-video-preview:-1\" \/>\n<link rel=\"canonical\" href=\"https:\/\/moubenestar.com\/es\/la-sala\/\" \/>\n<meta property=\"og:locale\" content=\"es_ES\" \/>\n<meta property=\"og:type\" content=\"article\" \/>\n<meta property=\"og:title\" content=\"La sala - MOUbenestar - Ioga i Pilates\" \/>\n<meta property=\"og:description\" content=\"[vc_section full_width=\u00bbstretch_row_content\u00bb css=\u00bb.vc_custom_1749110141870{padding-top: 80px !important;padding-bottom: 80px !important;}\u00bb][vc_row column_spacing=\u00bb0px\u00bb equal_height=\u00bbyes\u00bb remove_bottom_col_margin=\u00bbtrue\u00bb tablet_fullwidth_cols=\u00bbyes\u00bb max_width_custom=\u00bb1100px\u00bb][vc_column width=\u00bb1\/2&#8243; el_class=\u00bbcaixa-la-sala\u00bb css=\u00bb.vc_custom_1749110893165{padding-top: 0px !important;padding-right: 0px !important;padding-bottom: 0px !important;padding-left: 0px !important;}\u00bb][vc_column_text css=\u00bb\u00bb color=\u00bbpalette-4735&#8243; font_size=\u00bb15px\u00bb el_class=\u00bbjustificar\u00bb]Un espacio dise\u00f1ado para cuidarte. C\u00e1lido, acogedor y pensado para ofrecerte bienestar. El suelo de parqu\u00e9 aporta una sensaci\u00f3n de confort y estabilidad, mientras que la iluminaci\u00f3n c\u00e1lida crea&hellip;\" \/>\n<meta property=\"og:url\" content=\"https:\/\/moubenestar.com\/es\/la-sala\/\" \/>\n<meta property=\"og:site_name\" content=\"MOUbenestar - Ioga i Pilates\" \/>\n<meta property=\"article:modified_time\" content=\"2025-06-30T08:11:50+00:00\" \/>\n<meta name=\"twitter:card\" content=\"summary_large_image\" \/>\n<meta name=\"twitter:label1\" content=\"Tiempo de lectura\" \/>\n\t<meta name=\"twitter:data1\" content=\"3 minutos\" \/>\n<script type=\"application\/ld+json\" class=\"yoast-schema-graph\">{\"@context\":\"https:\/\/schema.org\",\"@graph\":[{\"@type\":\"WebPage\",\"@id\":\"https:\/\/moubenestar.com\/es\/la-sala\/\",\"url\":\"https:\/\/moubenestar.com\/es\/la-sala\/\",\"name\":\"La sala - MOUbenestar - Ioga i Pilates\",\"isPartOf\":{\"@id\":\"https:\/\/moubenestar.com\/#website\"},\"datePublished\":\"2025-06-05T07:21:11+00:00\",\"dateModified\":\"2025-06-30T08:11:50+00:00\",\"breadcrumb\":{\"@id\":\"https:\/\/moubenestar.com\/es\/la-sala\/#breadcrumb\"},\"inLanguage\":\"es\",\"potentialAction\":[{\"@type\":\"ReadAction\",\"target\":[\"https:\/\/moubenestar.com\/es\/la-sala\/\"]}]},{\"@type\":\"BreadcrumbList\",\"@id\":\"https:\/\/moubenestar.com\/es\/la-sala\/#breadcrumb\",\"itemListElement\":[{\"@type\":\"ListItem\",\"position\":1,\"name\":\"Home\",\"item\":\"https:\/\/moubenestar.com\/es\/\"},{\"@type\":\"ListItem\",\"position\":2,\"name\":\"La sala\"}]},{\"@type\":\"WebSite\",\"@id\":\"https:\/\/moubenestar.com\/#website\",\"url\":\"https:\/\/moubenestar.com\/\",\"name\":\"MOUbenestar - Ioga i Pilates\",\"description\":\"Espai de salut i benestar. Ioga, Pilates i entrenaments personals de pilates i classes grupals\",\"publisher\":{\"@id\":\"https:\/\/moubenestar.com\/#organization\"},\"potentialAction\":[{\"@type\":\"SearchAction\",\"target\":{\"@type\":\"EntryPoint\",\"urlTemplate\":\"https:\/\/moubenestar.com\/?s={search_term_string}\"},\"query-input\":{\"@type\":\"PropertyValueSpecification\",\"valueRequired\":true,\"valueName\":\"search_term_string\"}}],\"inLanguage\":\"es\"},{\"@type\":\"Organization\",\"@id\":\"https:\/\/moubenestar.com\/#organization\",\"name\":\"MOUbenestar - Ioga i Pilates\",\"url\":\"https:\/\/moubenestar.com\/\",\"logo\":{\"@type\":\"ImageObject\",\"inLanguage\":\"es\",\"@id\":\"https:\/\/moubenestar.com\/#\/schema\/logo\/image\/\",\"url\":\"https:\/\/moubenestar.com\/wp-content\/uploads\/2025\/06\/MOU-BENESTAR-ARENYS-DE-MUNT.png\",\"contentUrl\":\"https:\/\/moubenestar.com\/wp-content\/uploads\/2025\/06\/MOU-BENESTAR-ARENYS-DE-MUNT.png\",\"width\":692,\"height\":378,\"caption\":\"MOUbenestar - Ioga i Pilates\"},\"image\":{\"@id\":\"https:\/\/moubenestar.com\/#\/schema\/logo\/image\/\"}}]}<\/script>\n<!-- \/ Yoast SEO plugin. -->","yoast_head_json":{"title":"La sala - MOUbenestar - Ioga i Pilates","robots":{"index":"index","follow":"follow","max-snippet":"max-snippet:-1","max-image-preview":"max-image-preview:large","max-video-preview":"max-video-preview:-1"},"canonical":"https:\/\/moubenestar.com\/es\/la-sala\/","og_locale":"es_ES","og_type":"article","og_title":"La sala - MOUbenestar - Ioga i Pilates","og_description":"[vc_section full_width=\u00bbstretch_row_content\u00bb css=\u00bb.vc_custom_1749110141870{padding-top: 80px !important;padding-bottom: 80px !important;}\u00bb][vc_row column_spacing=\u00bb0px\u00bb equal_height=\u00bbyes\u00bb remove_bottom_col_margin=\u00bbtrue\u00bb tablet_fullwidth_cols=\u00bbyes\u00bb max_width_custom=\u00bb1100px\u00bb][vc_column width=\u00bb1\/2&#8243; el_class=\u00bbcaixa-la-sala\u00bb css=\u00bb.vc_custom_1749110893165{padding-top: 0px !important;padding-right: 0px !important;padding-bottom: 0px !important;padding-left: 0px !important;}\u00bb][vc_column_text css=\u00bb\u00bb color=\u00bbpalette-4735&#8243; font_size=\u00bb15px\u00bb el_class=\u00bbjustificar\u00bb]Un espacio dise\u00f1ado para cuidarte. C\u00e1lido, acogedor y pensado para ofrecerte bienestar. El suelo de parqu\u00e9 aporta una sensaci\u00f3n de confort y estabilidad, mientras que la iluminaci\u00f3n c\u00e1lida crea&hellip;","og_url":"https:\/\/moubenestar.com\/es\/la-sala\/","og_site_name":"MOUbenestar - Ioga i Pilates","article_modified_time":"2025-06-30T08:11:50+00:00","twitter_card":"summary_large_image","twitter_misc":{"Tiempo de lectura":"3 minutos"},"schema":{"@context":"https:\/\/schema.org","@graph":[{"@type":"WebPage","@id":"https:\/\/moubenestar.com\/es\/la-sala\/","url":"https:\/\/moubenestar.com\/es\/la-sala\/","name":"La sala - MOUbenestar - Ioga i Pilates","isPartOf":{"@id":"https:\/\/moubenestar.com\/#website"},"datePublished":"2025-06-05T07:21:11+00:00","dateModified":"2025-06-30T08:11:50+00:00","breadcrumb":{"@id":"https:\/\/moubenestar.com\/es\/la-sala\/#breadcrumb"},"inLanguage":"es","potentialAction":[{"@type":"ReadAction","target":["https:\/\/moubenestar.com\/es\/la-sala\/"]}]},{"@type":"BreadcrumbList","@id":"https:\/\/moubenestar.com\/es\/la-sala\/#breadcrumb","itemListElement":[{"@type":"ListItem","position":1,"name":"Home","item":"https:\/\/moubenestar.com\/es\/"},{"@type":"ListItem","position":2,"name":"La sala"}]},{"@type":"WebSite","@id":"https:\/\/moubenestar.com\/#website","url":"https:\/\/moubenestar.com\/","name":"MOUbenestar - Ioga i Pilates","description":"Espai de salut i benestar. Ioga, Pilates i entrenaments personals de pilates i classes grupals","publisher":{"@id":"https:\/\/moubenestar.com\/#organization"},"potentialAction":[{"@type":"SearchAction","target":{"@type":"EntryPoint","urlTemplate":"https:\/\/moubenestar.com\/?s={search_term_string}"},"query-input":{"@type":"PropertyValueSpecification","valueRequired":true,"valueName":"search_term_string"}}],"inLanguage":"es"},{"@type":"Organization","@id":"https:\/\/moubenestar.com\/#organization","name":"MOUbenestar - Ioga i Pilates","url":"https:\/\/moubenestar.com\/","logo":{"@type":"ImageObject","inLanguage":"es","@id":"https:\/\/moubenestar.com\/#\/schema\/logo\/image\/","url":"https:\/\/moubenestar.com\/wp-content\/uploads\/2025\/06\/MOU-BENESTAR-ARENYS-DE-MUNT.png","contentUrl":"https:\/\/moubenestar.com\/wp-content\/uploads\/2025\/06\/MOU-BENESTAR-ARENYS-DE-MUNT.png","width":692,"height":378,"caption":"MOUbenestar - Ioga i Pilates"},"image":{"@id":"https:\/\/moubenestar.com\/#\/schema\/logo\/image\/"}}]}},"_links":{"self":[{"href":"https:\/\/moubenestar.com\/es\/wp-json\/wp\/v2\/pages\/5566","targetHints":{"allow":["GET"]}}],"collection":[{"href":"https:\/\/moubenestar.com\/es\/wp-json\/wp\/v2\/pages"}],"about":[{"href":"https:\/\/moubenestar.com\/es\/wp-json\/wp\/v2\/types\/page"}],"author":[{"embeddable":true,"href":"https:\/\/moubenestar.com\/es\/wp-json\/wp\/v2\/users\/1"}],"replies":[{"embeddable":true,"href":"https:\/\/moubenestar.com\/es\/wp-json\/wp\/v2\/comments?post=5566"}],"version-history":[{"count":2,"href":"https:\/\/moubenestar.com\/es\/wp-json\/wp\/v2\/pages\/5566\/revisions"}],"predecessor-version":[{"id":5623,"href":"https:\/\/moubenestar.com\/es\/wp-json\/wp\/v2\/pages\/5566\/revisions\/5623"}],"wp:attachment":[{"href":"https:\/\/moubenestar.com\/es\/wp-json\/wp\/v2\/media?parent=5566"}],"curies":[{"name":"wp","href":"https:\/\/api.w.org\/{rel}","templated":true}]}}