{"id":5641,"date":"2023-06-07T09:55:06","date_gmt":"2023-06-07T09:55:06","guid":{"rendered":"https:\/\/moubenestar.com\/avis-legal\/"},"modified":"2025-06-30T08:53:28","modified_gmt":"2025-06-30T08:53:28","slug":"aviso-legal","status":"publish","type":"page","link":"https:\/\/moubenestar.com\/es\/aviso-legal\/","title":{"rendered":"Aviso legal"},"content":{"rendered":"<div class=\"wpb-content-wrapper\">[vc_row remove_bottom_col_margin=\u00bbtrue\u00bb css=\u00bb.vc_custom_1746182305448{padding-top: 80px !important;padding-bottom: 80px !important;}\u00bb][vc_column][vc_column_text css=\u00bb\u00bb]lo presento Aviso Legal, el Usuario, podr\u00e1 encontrar toda la informaci\u00f3n relativa a las condicionas legales que definen las relacionas entre los usuarios y el responsable de la p\u00e1gina web accesible en la direcci\u00f3n URL https:\/\/moubenestar.com\/\u00a0(en adelante, el sitio web), que Nuria Josep Beltran (en adelante, el titular)pone a disposici\u00f3n de los usuarios de Internet.<\/p>\n<div id=\"clickdatos\">\n<p>La utilizaci\u00f3n del sitio web implica la aceptaci\u00f3n llena y sin reservas de todas y cada una de las disposiciones incluidas en este Aviso Legal. En consecuencia, el usuario del sitio web debe leer atentamente lo presento Aviso Legal en cada una de las ocasionas en que se proponga utilizar la web, ya que el texto podr\u00eda sufrir modificaciones a criterio del titular de la web, o a causa de un cambio legislativo, jurisprudencial o en la pr\u00e1ctica empresarial.<\/p>\n<h2>1.- DATOS DEL RESPONSABLE TITULAR DEL SITIO WEB.<\/h2>\n<p>N\u00famero del titular: NURIA JOSEP BERTRAN<br \/>\nDomicilio social: C\/ Sant Antoni Maria Claret, 10, 08358, Arenys de Munt<br \/>\nC.I.F.: 77621547C<br \/>\nTel\u00e9fono de contacto: <span data-sheets-root=\"1\">661.174.237<\/span><br \/>\nCorreo electr\u00f3nico: movimentibenestar@gmail.com<\/p>\n<p>El titular se el responsable del Sitio Web y se compromete a cumplir cono todos los requisitos nacionales y europeos que regulan lo uso de los datos personales de los usuarios.<\/p>\n<p>Este Sitio Web garantiza la protecci\u00f3n y confidencialidad de los datos personales que noes proporcionan de acuerdo cono lo dispuesto lo Reglamento General de Protecci\u00f3n de Datos de Car\u00e1cter Personal (UE) 2016\/679 del Parlamento Europeo y del Consejo, de 27 de abril de 2016, en la Ley Org\u00e1nica 3\/2018, de Protecci\u00f3n de Datos Personales y garant\u00eda de los derechos digitales, as\u00ed como en la Ley de Servicios de la Sociedad de la Informaci\u00f3n y Comercio Electr\u00f3nico 34\/2002 de 11 de Julio (LSSI-CE)<\/p>\n<h2>2.- OBJETO.<\/h2>\n<p>El sitio web facilita a los usuarios del mismo lo acceso a informaci\u00f3n y servicios prestados miedo lo sitio web a aquellas personas uno organizaciones interesadas en los mismos.<\/p>\n<p>El acceso y la utilizaci\u00f3n del Sitio Web atribuye la condici\u00f3n de usuario del Sitio Web (en adelante, el \u201cUsuario\u201d) e implica la aceptaci\u00f3n de todas las condicionas incluidas en este Aviso Legal as\u00ed como de sus modificaciones. La prestaci\u00f3n del servicio del Sitio Web tiene una duraci\u00f3n limitada al momento en el que lo Usuario se encuentre conectado al Sitio Web o a alguno de los servicios que a trav\u00e9s del mismo se facilitan. Miedo tanto, el Usuario debe leer atentamente lo presento Aviso Legal en cada una de las ocasionas en que se proponga utilizar lo Sitio Web, ya que \u00e9ste y sus condicionas de uso recogidas lo presento Aviso Legal pueden sufrir modificaciones.<\/p>\n<h2>3.- ACCESO Y UTILIZACI\u00d3N DE LA WEB.<\/h2>\n<p>3.1.- Car\u00e1cter gratuito del acceso y utilizaci\u00f3n de la web. El acceso en la web tiene car\u00e1cter gratuito para los usuarios de la misma, salvo en lo relativo al cuesto de la conexi\u00f3n a trav\u00e9s de la red de telecomunicaciones suministrada miedo el proveedor de acceso contratado miedo los usuarios.<br \/>\n3.2.- Registro de usuarios. Cono car\u00e1cter general lo acceso y utilizaci\u00f3n de la web no exige la previa suscripci\u00f3n o registro de los usuarios de la misma.<br \/>\n3.3.- Los usuarios garantizan y responden, en cualquier caso, de la exactitud, vigencia y autenticidad de los datos personales facilitados, y se comprometen a mantenerlos debidamente actualizados. El usuario acepta proporcionar informaci\u00f3n completa y correcta en el formulario de contacto o suscripci\u00f3n.<\/p>\n<p>En ning\u00fan caso se recabar\u00e1n del menor de edad datos relativos a la situaci\u00f3n profesional, econ\u00f3mica o a la intimidad de los otros miembros de la familia, sin lo consentimiento de \u00e9stos. Si eras menor de trece a\u00f1os y has accedido a este sitio web sin avisar a tose padres no debes registrarte como usuario.<\/p>\n<p>En esta web se respetan y cuidan los datos personales de los usuarios. Como usuario debes saber que tose derechos est\u00e1n garantizados.<\/p>\n<h2>4.- CONTENIDOS DE LA WEB.<\/h2>\n<p>El idioma utilizado miedo el titular en la web ser\u00e1 lo castellano. el sitio web no se responsabiliza de la no comprensi\u00f3n o entendimiento del idioma del web miedo lo usuario, ni de sus consecuencias.<br \/>\nel sitio web podr\u00e1 modificar los contenidos sin previo aviso, as\u00ed como suprimir y cambiar \u00e9stos dentro de la web, como la forma en que se accede a \u00e9stos, sin justificaci\u00f3n alguna y libremente, no responsabiliz\u00e1ndose de las consecuencias que los mismos puedan ocasionar a los usuarios.<br \/>\nSe proh\u00edbe lo uso de los contenidos de la web para promocionar, contratar o divulgar publicidad o informaci\u00f3n propia o de terceras personas sin la autorizaci\u00f3n del sitio web, ni remitir publicidad o informaci\u00f3n vali\u00e9ndose para ello de los servicios o informaci\u00f3n que se ponen a disposici\u00f3n de los usuarios, independientemente de si la utilizaci\u00f3n se gratuita o no.<br \/>\nLos enlaces o hiperenlaces que incorporan terceros en sus p\u00e1ginas web, dirigidos en esta web, ser\u00e1n para la apertura de la p\u00e1gina web completa, no pudiendo manifestar, directa o indirectamente, indicaciones falsas, inexactas o confusas, ni incurrir accionas desleales o il\u00edcitas en contra del sitio web<\/p>\n<h2>5.- MEDIDAS DE SEGURIDAD.<\/h2>\n<p>Los datos personales comunicados miedo lo usuario podr\u00e1n ser almacenados en bases de datos automatizadas o no, cuya titularidad corresponde en exclusiva al sitio web, asumiendo todas las medidas de \u00edndole t\u00e9cnica, organizativa y de seguridad que garanticen la confidencialidad, integridad y calidad de la informaci\u00f3n contenida en las mismas de acuerdo cono lo establecido en las normativas vigentes en materia de protecci\u00f3n de datos de car\u00e1cter personal.<\/p>\n<h2>6.- LIMITACI\u00d3N DE RESPONSABILIDAD.<\/h2>\n<p>Tanto lo acceso en la web como lo uso no consentido que pueda efectuarse de la informaci\u00f3n contenida en la misma se de la exclusiva responsabilidad de quien lo realiza. el sitio web no responder\u00e1 de ninguna consecuencia, da\u00f1o o perjuicio que pudieran derivarse de dicho acceso o uso. el sitio web no se hace responsable de los errores de seguridad, que se puedan producir ni de los da\u00f1os que puedan causarse al sistema inform\u00e1tico del usuario (hardware y software), o a los ficheros o documentos almacenados en el mismo, como consecuencia de:<br \/>\n\u2013 la presencia de un virus en el ordenador del usuario que sea utilizado para la conexi\u00f3n a los servicios y contenidos de la web.<br \/>\n\u2013 un mal funcionamiento del navegador.<br \/>\n\u2013 y\/o del uso de versionas no actualizadas del mismo.<br \/>\nel sitio web no se hace responsable de la fiabilidad y rapidez de los hiperenlaces que se incorporan en la web para la apertura de otras. el sitio web no garantiza la utilidad de estos enlaces, ni se responsabiliza de los contenidos o servicios a los que pueda acceder lo usuario miedo medio de estos enlaces, ni del buen funcionamiento de estas webs.<br \/>\nel sitio web no ser\u00e1 responsable de los virus o dem\u00e1s programas inform\u00e1ticos que deterioran o puedan deteriorar los sistemas o equipos inform\u00e1ticos de los usuarios al acceder a su web uno otras webs a las que se haya accedido mediante enlaces de esta web.<\/p>\n<h2>7.- EMPLEO DE LA TECNOLOG\u00cdA \u00abCOOKIE\u00bb.<\/h2>\n<p>El Sitio Web puede emplear cookies o tecnolog\u00edas similares que se regir\u00e1n miedo lo establecido en la Pol\u00edtica de Cookies, accesible en todo momento y respetando la confidencialidad e intimidad del usuario, siendo parte integrante del presento Aviso Legal.<\/p>\n<h2>8.- NAVEGACI\u00d3N.<\/h2>\n<p>Los servidoras de Internet pueden recoger datos no identificables, que puedan incluir, direcciones IP, y otros datos que no pueden ser utilizados para identificar al usuario. Su direcci\u00f3n IP se almacenar\u00e1 en los logs de acceso de forma autom\u00e1tica y cono la \u00fanica finalidad de permitir lo tr\u00e1nsito miedo Internet, siendo necesario que su equipo facilito esta direcci\u00f3n IP cuando navega miedo Internet para que las comunicaciones puedan realizarse. As\u00ed mismo, la direcci\u00f3n IP podr\u00e1 ser utilizada para realizar estad\u00edsticas, de manera anonimizada, sobre el n\u00famero de visitantes de esta web y su procedencia, de forma totalmente transparento a su navegaci\u00f3n.<\/p>\n<h2>9.- PROPIEDAD INTELECTUAL E INDUSTRIAL<\/h2>\n<p>El usuario conoce y acepta que todos los contenidos y\/o cualesquiera otros elementos del sitio web sue\u00f1o propiedad del sitio web, y se compromete a respetar los derechos de propiedad intelectual e industrial titularidad del sitio web. Cualquier uso de la web o sus contenidos deber\u00e1 tener un car\u00e1cter exclusivamente particular.<br \/>\nEst\u00e1 reservado exclusivamente al sitio web, cualquier otro uso que suponga la copia, reproducci\u00f3n, distribuci\u00f3n, transformaci\u00f3n, comunicaci\u00f3n p\u00fablica o cualquier otra acci\u00f3n similar, de todo o parte de los contenidos de la web, miedo lo que ning\u00fan usuario podr\u00e1 quitar a cabo estas accionas sin la autorizaci\u00f3n previa y miedo escrito del sitio web<\/p>\n<h2>10.- LEGISLACI\u00d3N APLICABLE Y JURISDICCI\u00d3N COMPETENTE<\/h2>\n<p>Lo presento Aviso Legal se interpretar\u00e1 y regir\u00e1 de conformidad cono la legislaci\u00f3n espa\u00f1ola. el sitio web y los usuarios, cono renuncia expresa a cualquier otro fuero que pudiera corresponderles, se someten al de los juzgados y tribunales del domicilio del usuario para cualquier controversia que pudiera derivarse del acceso o uso de la web. lo caso de que el usuario tenga su domicilio fuera de Espa\u00f1a, el sitio web y lo usuario, se someten, cono renuncia expresa a cualquier otro fuero, a los juzgados y tribunales del domicilio de Matar\u00f3<\/p>\n<\/div>\n[\/vc_column_text][\/vc_column][\/vc_row]\n<\/div>","protected":false},"excerpt":{"rendered":"<p>[vc_row remove_bottom_col_margin=\u00bbtrue\u00bb css=\u00bb.vc_custom_1746182305448{padding-top: 80px !important;padding-bottom: 80px !important;}\u00bb][vc_column][vc_column_text css=\u00bb\u00bb]lo presento Aviso Legal, el Usuario, podr\u00e1 encontrar toda la informaci\u00f3n relativa a las condicionas legales que definen las relacionas entre los usuarios y el responsable de la p\u00e1gina web accesible en la direcci\u00f3n URL https:\/\/moubenestar.com\/\u00a0(en adelante, el sitio web), que Nuria Josep Beltran (en adelante, el titular)pone&hellip;<\/p>\n","protected":false},"author":1,"featured_media":0,"parent":0,"menu_order":0,"comment_status":"closed","ping_status":"closed","template":"","meta":{"footnotes":""},"class_list":["post-5641","page","type-page","status-publish","hentry","entry","no-media"],"yoast_head":"<!-- This site is optimized with the Yoast SEO plugin v25.3.1 - https:\/\/yoast.com\/wordpress\/plugins\/seo\/ -->\n<title>Aviso legal - MOUbenestar - Ioga i Pilates<\/title>\n<meta name=\"robots\" content=\"index, follow, max-snippet:-1, max-image-preview:large, max-video-preview:-1\" \/>\n<link rel=\"canonical\" href=\"https:\/\/moubenestar.com\/es\/aviso-legal\/\" \/>\n<meta property=\"og:locale\" content=\"es_ES\" \/>\n<meta property=\"og:type\" content=\"article\" \/>\n<meta property=\"og:title\" content=\"Aviso legal - MOUbenestar - Ioga i Pilates\" \/>\n<meta property=\"og:description\" content=\"[vc_row remove_bottom_col_margin=\u00bbtrue\u00bb css=\u00bb.vc_custom_1746182305448{padding-top: 80px !important;padding-bottom: 80px !important;}\u00bb][vc_column][vc_column_text css=\u00bb\u00bb]lo presento Aviso Legal, el Usuario, podr\u00e1 encontrar toda la informaci\u00f3n relativa a las condicionas legales que definen las relacionas entre los usuarios y el responsable de la p\u00e1gina web accesible en la direcci\u00f3n URL https:\/\/moubenestar.com\/\u00a0(en adelante, el sitio web), que Nuria Josep Beltran (en adelante, el titular)pone&hellip;\" \/>\n<meta property=\"og:url\" content=\"https:\/\/moubenestar.com\/es\/aviso-legal\/\" \/>\n<meta property=\"og:site_name\" content=\"MOUbenestar - Ioga i Pilates\" \/>\n<meta property=\"article:modified_time\" content=\"2025-06-30T08:53:28+00:00\" \/>\n<meta name=\"twitter:card\" content=\"summary_large_image\" \/>\n<meta name=\"twitter:label1\" content=\"Tiempo de lectura\" \/>\n\t<meta name=\"twitter:data1\" content=\"9 minutos\" \/>\n<script type=\"application\/ld+json\" class=\"yoast-schema-graph\">{\"@context\":\"https:\/\/schema.org\",\"@graph\":[{\"@type\":\"WebPage\",\"@id\":\"https:\/\/moubenestar.com\/es\/aviso-legal\/\",\"url\":\"https:\/\/moubenestar.com\/es\/aviso-legal\/\",\"name\":\"Aviso legal - MOUbenestar - Ioga i Pilates\",\"isPartOf\":{\"@id\":\"https:\/\/moubenestar.com\/#website\"},\"datePublished\":\"2023-06-07T09:55:06+00:00\",\"dateModified\":\"2025-06-30T08:53:28+00:00\",\"breadcrumb\":{\"@id\":\"https:\/\/moubenestar.com\/es\/aviso-legal\/#breadcrumb\"},\"inLanguage\":\"es\",\"potentialAction\":[{\"@type\":\"ReadAction\",\"target\":[\"https:\/\/moubenestar.com\/es\/aviso-legal\/\"]}]},{\"@type\":\"BreadcrumbList\",\"@id\":\"https:\/\/moubenestar.com\/es\/aviso-legal\/#breadcrumb\",\"itemListElement\":[{\"@type\":\"ListItem\",\"position\":1,\"name\":\"Home\",\"item\":\"https:\/\/moubenestar.com\/es\/\"},{\"@type\":\"ListItem\",\"position\":2,\"name\":\"Aviso legal\"}]},{\"@type\":\"WebSite\",\"@id\":\"https:\/\/moubenestar.com\/#website\",\"url\":\"https:\/\/moubenestar.com\/\",\"name\":\"MOUbenestar - Ioga i Pilates\",\"description\":\"Espai de salut i benestar. Ioga, Pilates i entrenaments personals de pilates i classes grupals\",\"publisher\":{\"@id\":\"https:\/\/moubenestar.com\/#organization\"},\"potentialAction\":[{\"@type\":\"SearchAction\",\"target\":{\"@type\":\"EntryPoint\",\"urlTemplate\":\"https:\/\/moubenestar.com\/?s={search_term_string}\"},\"query-input\":{\"@type\":\"PropertyValueSpecification\",\"valueRequired\":true,\"valueName\":\"search_term_string\"}}],\"inLanguage\":\"es\"},{\"@type\":\"Organization\",\"@id\":\"https:\/\/moubenestar.com\/#organization\",\"name\":\"MOUbenestar - Ioga i Pilates\",\"url\":\"https:\/\/moubenestar.com\/\",\"logo\":{\"@type\":\"ImageObject\",\"inLanguage\":\"es\",\"@id\":\"https:\/\/moubenestar.com\/#\/schema\/logo\/image\/\",\"url\":\"https:\/\/moubenestar.com\/wp-content\/uploads\/2025\/06\/MOU-BENESTAR-ARENYS-DE-MUNT.png\",\"contentUrl\":\"https:\/\/moubenestar.com\/wp-content\/uploads\/2025\/06\/MOU-BENESTAR-ARENYS-DE-MUNT.png\",\"width\":692,\"height\":378,\"caption\":\"MOUbenestar - Ioga i Pilates\"},\"image\":{\"@id\":\"https:\/\/moubenestar.com\/#\/schema\/logo\/image\/\"}}]}<\/script>\n<!-- \/ Yoast SEO plugin. -->","yoast_head_json":{"title":"Aviso legal - MOUbenestar - Ioga i Pilates","robots":{"index":"index","follow":"follow","max-snippet":"max-snippet:-1","max-image-preview":"max-image-preview:large","max-video-preview":"max-video-preview:-1"},"canonical":"https:\/\/moubenestar.com\/es\/aviso-legal\/","og_locale":"es_ES","og_type":"article","og_title":"Aviso legal - MOUbenestar - Ioga i Pilates","og_description":"[vc_row remove_bottom_col_margin=\u00bbtrue\u00bb css=\u00bb.vc_custom_1746182305448{padding-top: 80px !important;padding-bottom: 80px !important;}\u00bb][vc_column][vc_column_text css=\u00bb\u00bb]lo presento Aviso Legal, el Usuario, podr\u00e1 encontrar toda la informaci\u00f3n relativa a las condicionas legales que definen las relacionas entre los usuarios y el responsable de la p\u00e1gina web accesible en la direcci\u00f3n URL https:\/\/moubenestar.com\/\u00a0(en adelante, el sitio web), que Nuria Josep Beltran (en adelante, el titular)pone&hellip;","og_url":"https:\/\/moubenestar.com\/es\/aviso-legal\/","og_site_name":"MOUbenestar - Ioga i Pilates","article_modified_time":"2025-06-30T08:53:28+00:00","twitter_card":"summary_large_image","twitter_misc":{"Tiempo de lectura":"9 minutos"},"schema":{"@context":"https:\/\/schema.org","@graph":[{"@type":"WebPage","@id":"https:\/\/moubenestar.com\/es\/aviso-legal\/","url":"https:\/\/moubenestar.com\/es\/aviso-legal\/","name":"Aviso legal - MOUbenestar - Ioga i Pilates","isPartOf":{"@id":"https:\/\/moubenestar.com\/#website"},"datePublished":"2023-06-07T09:55:06+00:00","dateModified":"2025-06-30T08:53:28+00:00","breadcrumb":{"@id":"https:\/\/moubenestar.com\/es\/aviso-legal\/#breadcrumb"},"inLanguage":"es","potentialAction":[{"@type":"ReadAction","target":["https:\/\/moubenestar.com\/es\/aviso-legal\/"]}]},{"@type":"BreadcrumbList","@id":"https:\/\/moubenestar.com\/es\/aviso-legal\/#breadcrumb","itemListElement":[{"@type":"ListItem","position":1,"name":"Home","item":"https:\/\/moubenestar.com\/es\/"},{"@type":"ListItem","position":2,"name":"Aviso legal"}]},{"@type":"WebSite","@id":"https:\/\/moubenestar.com\/#website","url":"https:\/\/moubenestar.com\/","name":"MOUbenestar - Ioga i Pilates","description":"Espai de salut i benestar. Ioga, Pilates i entrenaments personals de pilates i classes grupals","publisher":{"@id":"https:\/\/moubenestar.com\/#organization"},"potentialAction":[{"@type":"SearchAction","target":{"@type":"EntryPoint","urlTemplate":"https:\/\/moubenestar.com\/?s={search_term_string}"},"query-input":{"@type":"PropertyValueSpecification","valueRequired":true,"valueName":"search_term_string"}}],"inLanguage":"es"},{"@type":"Organization","@id":"https:\/\/moubenestar.com\/#organization","name":"MOUbenestar - Ioga i Pilates","url":"https:\/\/moubenestar.com\/","logo":{"@type":"ImageObject","inLanguage":"es","@id":"https:\/\/moubenestar.com\/#\/schema\/logo\/image\/","url":"https:\/\/moubenestar.com\/wp-content\/uploads\/2025\/06\/MOU-BENESTAR-ARENYS-DE-MUNT.png","contentUrl":"https:\/\/moubenestar.com\/wp-content\/uploads\/2025\/06\/MOU-BENESTAR-ARENYS-DE-MUNT.png","width":692,"height":378,"caption":"MOUbenestar - Ioga i Pilates"},"image":{"@id":"https:\/\/moubenestar.com\/#\/schema\/logo\/image\/"}}]}},"_links":{"self":[{"href":"https:\/\/moubenestar.com\/es\/wp-json\/wp\/v2\/pages\/5641","targetHints":{"allow":["GET"]}}],"collection":[{"href":"https:\/\/moubenestar.com\/es\/wp-json\/wp\/v2\/pages"}],"about":[{"href":"https:\/\/moubenestar.com\/es\/wp-json\/wp\/v2\/types\/page"}],"author":[{"embeddable":true,"href":"https:\/\/moubenestar.com\/es\/wp-json\/wp\/v2\/users\/1"}],"replies":[{"embeddable":true,"href":"https:\/\/moubenestar.com\/es\/wp-json\/wp\/v2\/comments?post=5641"}],"version-history":[{"count":1,"href":"https:\/\/moubenestar.com\/es\/wp-json\/wp\/v2\/pages\/5641\/revisions"}],"predecessor-version":[{"id":5642,"href":"https:\/\/moubenestar.com\/es\/wp-json\/wp\/v2\/pages\/5641\/revisions\/5642"}],"wp:attachment":[{"href":"https:\/\/moubenestar.com\/es\/wp-json\/wp\/v2\/media?parent=5641"}],"curies":[{"name":"wp","href":"https:\/\/api.w.org\/{rel}","templated":true}]}}