{"id":5695,"date":"2025-07-14T09:13:55","date_gmt":"2025-07-14T09:13:55","guid":{"rendered":"https:\/\/moubenestar.com\/?page_id=5695"},"modified":"2025-07-14T09:13:55","modified_gmt":"2025-07-14T09:13:55","slug":"formulario-de-inscripcion-2","status":"publish","type":"page","link":"https:\/\/moubenestar.com\/es\/formulario-de-inscripcion-2\/","title":{"rendered":"Formulario de inscripci\u00f3n"},"content":{"rendered":"<div class=\"wpb-content-wrapper\">[vc_section full_width=\u00bbstretch_row\u00bb css=\u00bb.vc_custom_1749713314633{padding-top: 80px !important;padding-bottom: 80px !important;}\u00bb][vc_row remove_bottom_col_margin=\u00bbtrue\u00bb][vc_column]<style>.vcex-heading.vcex_69d26e79202d5{color:var(--wpex-palette-4735-color);font-size:28px;}<\/style><h2 class=\"vcex-heading vcex-heading-plain vcex-module wpex-heading wpex-text-2xl wpex-mt-0 wpex-mb-10 wpex-text-left vcex_69d26e79202d5\"><span class=\"vcex-heading-inner wpex-inline-block\">MOVIMIENTO Y BIENESTAR<\/span><\/h2><style>.vcex-heading.vcex_69d26e79211f9{color:var(--wpex-palette-4735-color);font-size:20px;}<\/style><h2 class=\"vcex-heading vcex-heading-plain vcex-module wpex-heading wpex-text-2xl wpex-mt-0 wpex-mb-10 wpex-text-left vcex_69d26e79211f9\"><span class=\"vcex-heading-inner wpex-inline-block\">Sesiones grupales<\/span><\/h2>[vc_column_text css=\u00bb\u00bb color=\u00bbpalette-4735&#8243; font_size=\u00bb15px\u00bb el_class=\u00bbjustificar\u00bb]En nuestras clases se realizan una serie de ejercicios donde se involucra todo el cuerpo sincronizado cada movimiento con la respiraci\u00f3n. En cada sesi\u00f3n trabajamos la movilidad articular, la flexibilidad, el equilibrio, la fuerza y la coordinaci\u00f3n. Trabajamos con el objetivo de obtener una correcta alineaci\u00f3n y control de la postura utilizando el movimiento consciente y la posici\u00f3n correcta para ejecutar cada ejercicio.[\/vc_column_text]<style>.vcex-heading.vcex_69d26e7921c1b{color:var(--wpex-palette-4735-color);font-size:18px;}<\/style><h2 class=\"vcex-heading vcex-heading-plain vcex-module wpex-heading wpex-text-2xl wpex-mt-20 wpex-mb-10 wpex-text-left vcex_69d26e7921c1b\"><span class=\"vcex-heading-inner wpex-inline-block\">PARA LAS SESIONES:<\/span><\/h2>[vc_column_text css=\u00bb\u00bb color=\u00bbpalette-4735&#8243; font_size=\u00bb15px\u00bb el_class=\u00bbjustificar\u00bb]\n<ul>\n<li>Ropa c\u00f3moda.<\/li>\n<li>Calcetines (se aconseja que sean antideslizantes).<\/li>\n<\/ul>\n[\/vc_column_text]<style>.vcex-heading.vcex_69d26e7922725{color:var(--wpex-palette-4735-color);font-size:18px;}<\/style><h2 class=\"vcex-heading vcex-heading-plain vcex-module wpex-heading wpex-text-2xl wpex-mt-20 wpex-mb-10 wpex-text-left vcex_69d26e7922725\"><span class=\"vcex-heading-inner wpex-inline-block\">PRECIO:<\/span><\/h2>[vc_column_text css=\u00bb\u00bb color=\u00bbpalette-4735&#8243; font_size=\u00bb15px\u00bb el_class=\u00bbjustificar\u00bb]\n<ul>\n<li>1 sesi\u00f3n en la semana: <strong>40\u20ac mensuales<\/strong><\/li>\n<li>1 sesi\u00f3n puntual: <strong>12\u20ac<\/strong><\/li>\n<\/ul>\n[\/vc_column_text]<style>.vcex-heading.vcex_69d26e7923204{color:var(--wpex-palette-4735-color);font-size:18px;}<\/style><h2 class=\"vcex-heading vcex-heading-plain vcex-module wpex-heading wpex-text-2xl wpex-mt-20 wpex-mb-10 wpex-text-left vcex_69d26e7923204\"><span class=\"vcex-heading-inner wpex-inline-block\">NORMATIVA:<\/span><\/h2>[vc_column_text css=\u00bb\u00bb color=\u00bbpalette-4735&#8243; font_size=\u00bb15px\u00bb el_class=\u00bbjustificar\u00bb]\n<ul>\n<li>Tel\u00e9fono en modo silencioso.<\/li>\n<li>No hay matr\u00edcula.<\/li>\n<li>Pago en efectivo o tarjeta la primera sesi\u00f3n del mes.<\/li>\n<li>En caso de no poder asistir a alguna sesi\u00f3n, si se avisa el d\u00eda antes se podr\u00e1 recuperar en alguno de los otros horarios.<\/li>\n<li>El precio de las sesiones puntuales solo son para personas que no pagan la mensualidad.<\/li>\n<li>Si un mes no puedes asistir a las sesiones, pero quieres mantener tu plaza se tendr\u00e1 que pagar la mitad de la mensualidad.<\/li>\n<li>Grupo reducido limitado a 8 personas.<\/li>\n<\/ul>\n[\/vc_column_text][\/vc_column][\/vc_row][\/vc_section][vc_section full_width=\u00bbstretch_row\u00bb css=\u00bb.vc_custom_1749801566690{padding-top: 60px !important;padding-bottom: 60px !important;background-color: #e4e5e4 !important;}\u00bb][vc_row content_placement=\u00bbmiddle\u00bb column_spacing=\u00bb0px\u00bb equal_height=\u00bbyes\u00bb remove_bottom_col_margin=\u00bbtrue\u00bb tablet_fullwidth_cols=\u00bbyes\u00bb css=\u00bb.vc_custom_1749713946607{margin-top: 30px !important;}\u00bb][vc_column css=\u00bb.vc_custom_1749713921957{padding-top: 0px !important;padding-right: 0px !important;padding-bottom: 0px !important;padding-left: 0px !important;}\u00bb]<style>.vcex-heading.vcex_69d26e7923b1c{color:var(--wpex-palette-4735-color);font-size:28px;}<\/style><h2 class=\"vcex-heading vcex-heading-plain vcex-module wpex-heading wpex-text-2xl wpex-mt-0 wpex-mb-10 wpex-text-center vcex_69d26e7923b1c\"><span class=\"vcex-heading-inner wpex-inline-block\">Rellena y env\u00eda el siguiente formulario de inscripci\u00f3n<\/span><\/h2><div class=\"wpforms-container wpforms-container-full wpforms-render-modern\" id=\"wpforms-5593\"><form id=\"wpforms-form-5593\" class=\"wpforms-validate wpforms-form wpforms-ajax-form\" data-formid=\"5593\" method=\"post\" enctype=\"multipart\/form-data\" action=\"\/es\/wp-json\/wp\/v2\/pages\/5695\" data-token=\"582f59075cff166dff63f1c6aff3228f\" data-token-time=\"1775398521\"><noscript class=\"wpforms-error-noscript\">Por favor, activa JavaScript en tu navegador para completar este formulario.<\/noscript><div class=\"wpforms-hidden\" id=\"wpforms-error-noscript\">Por favor, activa JavaScript en tu navegador para completar este formulario.<\/div><div class=\"wpforms-page-indicator progress\" data-indicator=\"progress\" data-indicator-color=\"#066aab\" data-scroll=\"1\" role=\"progressbar\" aria-valuenow=\"1\" aria-valuemin=\"1\" aria-valuemax=\"2\" tabindex=\"-1\"><span class=\"wpforms-page-indicator-page-title\" ><\/span><span class=\"wpforms-page-indicator-page-title-sep\" style=\"display:none;\"> - <\/span><span class=\"wpforms-page-indicator-steps\">Paso <span class=\"wpforms-page-indicator-steps-current\">1<\/span> de 2<\/span><div class=\"wpforms-page-indicator-page-progress-wrap\"><div class=\"wpforms-page-indicator-page-progress\" style=\"width:50%;background-color:#066aab\"><\/div><\/div><\/div><div class=\"wpforms-field-container\"><div class=\"wpforms-page wpforms-page-1 \" data-page=\"1\"><div id=\"wpforms-5593-field_7-container\" class=\"wpforms-field wpforms-field-pagebreak\" data-field-id=\"7\"><\/div><div id=\"wpforms-5593-field_18-container\" class=\"wpforms-field wpforms-field-checkbox\" data-field-id=\"18\"><fieldset><legend class=\"wpforms-field-label\">Elige el horario que deseas <span class=\"wpforms-required-label\" aria-hidden=\"true\">*<\/span><\/legend><ul id=\"wpforms-5593-field_18\" class=\"wpforms-field-required\"><li class=\"choice-1 depth-1\"><input type=\"checkbox\" id=\"wpforms-5593-field_18_1\" name=\"wpforms[fields][18][]\" value=\"Martes a las 11:20h PILATES\" aria-errormessage=\"wpforms-5593-field_18_1-error\" required ><label class=\"wpforms-field-label-inline\" for=\"wpforms-5593-field_18_1\">Martes a las 11:20h PILATES<\/label><\/li><li class=\"choice-4 depth-1\"><input type=\"checkbox\" id=\"wpforms-5593-field_18_4\" name=\"wpforms[fields][18][]\" value=\"Mi\u00e9rcoles a las 19h PILATES\" aria-errormessage=\"wpforms-5593-field_18_4-error\" required ><label class=\"wpforms-field-label-inline\" for=\"wpforms-5593-field_18_4\">Mi\u00e9rcoles a las 19h PILATES<\/label><\/li><li class=\"choice-2 depth-1\"><input type=\"checkbox\" id=\"wpforms-5593-field_18_2\" name=\"wpforms[fields][18][]\" value=\"Jueves a las 17:50h PILATES\" aria-errormessage=\"wpforms-5593-field_18_2-error\" required ><label class=\"wpforms-field-label-inline\" for=\"wpforms-5593-field_18_2\">Jueves a las 17:50h PILATES<\/label><\/li><li class=\"choice-3 depth-1\"><input type=\"checkbox\" id=\"wpforms-5593-field_18_3\" name=\"wpforms[fields][18][]\" value=\"Jueves a las 19h YOGA\" aria-errormessage=\"wpforms-5593-field_18_3-error\" required ><label class=\"wpforms-field-label-inline\" for=\"wpforms-5593-field_18_3\">Jueves a las 19h YOGA<\/label><\/li><li class=\"choice-5 depth-1\"><input type=\"checkbox\" id=\"wpforms-5593-field_18_5\" name=\"wpforms[fields][18][]\" value=\"Viernes a las 9:50h YOGA\" aria-errormessage=\"wpforms-5593-field_18_5-error\" required ><label class=\"wpforms-field-label-inline\" for=\"wpforms-5593-field_18_5\">Viernes a las 9:50h YOGA<\/label><\/li><li class=\"choice-6 depth-1\"><input type=\"checkbox\" id=\"wpforms-5593-field_18_6\" name=\"wpforms[fields][18][]\" value=\"Viernes a las 11h PILATES\" aria-errormessage=\"wpforms-5593-field_18_6-error\" required ><label class=\"wpforms-field-label-inline\" for=\"wpforms-5593-field_18_6\">Viernes a las 11h PILATES<\/label><\/li><\/ul><\/fieldset><\/div><div id=\"wpforms-5593-field_6-container\" class=\"wpforms-field wpforms-field-pagebreak\" data-field-id=\"6\"><div class=\"wpforms-clear wpforms-pagebreak-left\"><button class=\"wpforms-page-button wpforms-page-next wpforms-disabled\"\n\t\t\t\t\tdata-action=\"next\" data-page=\"1\" data-formid=\"5593\" aria-disabled=\"true\" aria-describedby=\"wpforms-error-noscript\">Siguiente<\/button><\/div><\/div><\/div><div class=\"wpforms-page wpforms-page-2 last \" data-page=\"2\" style=\"display:none;\"><div id=\"wpforms-5593-field_1-container\" class=\"wpforms-field wpforms-field-name\" data-field-id=\"1\"><fieldset><legend class=\"wpforms-field-label\">Nom i cognoms <span class=\"wpforms-required-label\" aria-hidden=\"true\">*<\/span><\/legend><div class=\"wpforms-field-row wpforms-field-large\"><div class=\"wpforms-field-row-block wpforms-first wpforms-one-half\"><input type=\"text\" id=\"wpforms-5593-field_1\" class=\"wpforms-field-name-first wpforms-field-required\" name=\"wpforms[fields][1][first]\" placeholder=\"Nombre *\" aria-errormessage=\"wpforms-5593-field_1-error\" required><label for=\"wpforms-5593-field_1\" class=\"wpforms-field-sublabel after wpforms-sublabel-hide\">Nom<\/label><\/div><div class=\"wpforms-field-row-block wpforms-one-half\"><input type=\"text\" id=\"wpforms-5593-field_1-last\" class=\"wpforms-field-name-last wpforms-field-required\" name=\"wpforms[fields][1][last]\" placeholder=\"Apellidos *\" aria-errormessage=\"wpforms-5593-field_1-last-error\" required><label for=\"wpforms-5593-field_1-last\" class=\"wpforms-field-sublabel after wpforms-sublabel-hide\">Cognoms<\/label><\/div><\/div><\/fieldset><\/div><div id=\"wpforms-5593-field_13-container\" class=\"wpforms-field wpforms-field-layout\" data-field-id=\"13\"><div class=\"wpforms-field-layout-rows wpforms-field-large\"><div class=\"wpforms-layout-row\"><div class=\"wpforms-layout-column wpforms-layout-column-33\"><div id=\"wpforms-5593-field_11-container\" class=\"wpforms-field wpforms-field-text\" data-field-id=\"11\"><label class=\"wpforms-field-label\" for=\"wpforms-5593-field_11\">DNI <span class=\"wpforms-required-label\" aria-hidden=\"true\">*<\/span><\/label><input type=\"text\" id=\"wpforms-5593-field_11\" class=\"wpforms-field-medium wpforms-field-required\" name=\"wpforms[fields][11]\" placeholder=\"Introduce tu DNI *\" aria-errormessage=\"wpforms-5593-field_11-error\" required><\/div><\/div><div class=\"wpforms-layout-column wpforms-layout-column-33\"><div id=\"wpforms-5593-field_12-container\" class=\"wpforms-field wpforms-field-phone\" data-field-id=\"12\"><label class=\"wpforms-field-label\" for=\"wpforms-5593-field_12\">Tel\u00e9fono <span class=\"wpforms-required-label\" aria-hidden=\"true\">*<\/span><\/label><input type=\"tel\" id=\"wpforms-5593-field_12\" class=\"wpforms-field-medium wpforms-field-required wpforms-smart-phone-field\" data-rule-smart-phone-field=\"true\" name=\"wpforms[fields][12]\" placeholder=\"Tel\u00e9fono de contacto *\" aria-label=\"Tel\u00e9fono\" aria-errormessage=\"wpforms-5593-field_12-error\" required><\/div><\/div><div class=\"wpforms-layout-column wpforms-layout-column-33\"><div id=\"wpforms-5593-field_17-container\" class=\"wpforms-field wpforms-field-email\" data-field-id=\"17\"><label class=\"wpforms-field-label\" for=\"wpforms-5593-field_17\">Email <span class=\"wpforms-required-label\" aria-hidden=\"true\">*<\/span><\/label><input type=\"email\" id=\"wpforms-5593-field_17\" class=\"wpforms-field-medium wpforms-field-required\" name=\"wpforms[fields][17]\" placeholder=\"Introduce tu email *\" spellcheck=\"false\" aria-errormessage=\"wpforms-5593-field_17-error\" required><\/div><\/div><\/div><\/div><\/div><div id=\"wpforms-5593-field_14-container\" class=\"wpforms-field wpforms-field-textarea\" data-field-id=\"14\"><label class=\"wpforms-field-label\" for=\"wpforms-5593-field_14\">\u00bfPracticas alg\u00fan deporte y\/o haces actividad f\u00edsica? <span class=\"wpforms-required-label\" aria-hidden=\"true\">*<\/span><\/label><textarea id=\"wpforms-5593-field_14\" class=\"wpforms-field-small wpforms-field-required\" name=\"wpforms[fields][14]\" placeholder=\"Expl\u00edcanoslo brevemente *\" aria-errormessage=\"wpforms-5593-field_14-error\" required><\/textarea><\/div><div id=\"wpforms-5593-field_15-container\" class=\"wpforms-field wpforms-field-textarea\" data-field-id=\"15\"><label class=\"wpforms-field-label\" for=\"wpforms-5593-field_15\">\u00bfTienes alguna patolog\u00eda y\/o sufres alg\u00fan dolor frecuente en tu cuerpo f\u00edsico? \u00bfCu\u00e1les? <span class=\"wpforms-required-label\" aria-hidden=\"true\">*<\/span><\/label><textarea id=\"wpforms-5593-field_15\" class=\"wpforms-field-small wpforms-field-required\" name=\"wpforms[fields][15]\" placeholder=\"Expl\u00edcanoslo brevemente *\" aria-errormessage=\"wpforms-5593-field_15-error\" required><\/textarea><\/div><div id=\"wpforms-5593-field_16-container\" class=\"wpforms-field wpforms-field-textarea\" data-field-id=\"16\"><label class=\"wpforms-field-label\" for=\"wpforms-5593-field_16\">\u00bfQu\u00e9 esperes de las sesiones? \u00bfCu\u00e1l es tu objetivo principal? <span class=\"wpforms-required-label\" aria-hidden=\"true\">*<\/span><\/label><textarea id=\"wpforms-5593-field_16\" class=\"wpforms-field-small wpforms-field-required\" name=\"wpforms[fields][16]\" placeholder=\"Expl\u00edcanoslo brevemente *\" aria-errormessage=\"wpforms-5593-field_16-error\" required><\/textarea><\/div><div id=\"wpforms-5593-field_4-container\" class=\"wpforms-field wpforms-field-checkbox\" data-field-id=\"4\"><fieldset><legend class=\"wpforms-field-label wpforms-label-hide\" aria-hidden=\"false\">Casillas de verificaci\u00f3n <span class=\"wpforms-required-label\" aria-hidden=\"true\">*<\/span><\/legend><ul id=\"wpforms-5593-field_4\" class=\"wpforms-field-required\"><li class=\"choice-1 depth-1\"><input type=\"checkbox\" id=\"wpforms-5593-field_4_1\" name=\"wpforms[fields][4][]\" value=\"He le\u00eddo y acepto el &lt;a target=&quot;_blank&quot; rel=&quot;nofollow noopener noreferrer&quot; href=&quot;\/aviso-legal\/&quot;&gt;Aviso Legal&lt;\/a&gt; y la &lt;a href=&quot;\/politica-de-privacidad\/&quot; rel=&quot;nofollow noopener noreferrer&quot; target=&quot;_blank&quot;&gt;Pol\u00edtica de Privacidad&lt;\/a&gt; de este sitio web.\" aria-errormessage=\"wpforms-5593-field_4_1-error\" required ><label class=\"wpforms-field-label-inline\" for=\"wpforms-5593-field_4_1\">He le\u00eddo y acepto el <a target=\"_blank\" rel=\"nofollow noopener noreferrer\" href=\"\/aviso-legal\/\">Aviso Legal<\/a> y la <a href=\"\/politica-de-privacidad\/\" rel=\"nofollow noopener noreferrer\" target=\"_blank\">Pol\u00edtica de Privacidad<\/a> de este sitio web.<\/label><\/li><\/ul><\/fieldset><\/div><div id=\"wpforms-5593-field_8-container\" class=\"wpforms-field wpforms-field-pagebreak\" data-field-id=\"8\"><\/div><\/div><\/div><!-- .wpforms-field-container --><div class=\"wpforms-recaptcha-container wpforms-is-recaptcha wpforms-is-recaptcha-type-v3\" style=\"display:none;\"><input type=\"hidden\" name=\"wpforms[recaptcha]\" value=\"\"><\/div><div class=\"wpforms-submit-container\" style=\"display:none;\"><input type=\"hidden\" name=\"wpforms[id]\" value=\"5593\"><input type=\"hidden\" name=\"page_title\" value=\"\"><input type=\"hidden\" name=\"page_url\" value=\"https:\/\/moubenestar.com\/es\/wp-json\/wp\/v2\/pages\/5695\"><input type=\"hidden\" name=\"url_referer\" value=\"\"><button type=\"submit\" name=\"wpforms[submit]\" id=\"wpforms-submit-5593\" class=\"wpforms-submit\" data-alt-text=\"Enviando...\" data-submit-text=\"Enviar formulario\" aria-live=\"assertive\" value=\"wpforms-submit\">Enviar formulario<\/button><img src=\"https:\/\/moubenestar.com\/wp-content\/plugins\/wpforms\/assets\/images\/submit-spin.svg\" class=\"wpforms-submit-spinner\" style=\"display: none;\" width=\"26\" height=\"26\" alt=\"Cargando\"><\/div><\/form><\/div>  <!-- .wpforms-container -->[\/vc_column][\/vc_row][\/vc_section]\n<\/div>","protected":false},"excerpt":{"rendered":"<p>[vc_section full_width=\u00bbstretch_row\u00bb css=\u00bb.vc_custom_1749713314633{padding-top: 80px !important;padding-bottom: 80px !important;}\u00bb][vc_row remove_bottom_col_margin=\u00bbtrue\u00bb][vc_column][vc_column_text css=\u00bb\u00bb color=\u00bbpalette-4735&#8243; font_size=\u00bb15px\u00bb el_class=\u00bbjustificar\u00bb]En nuestras clases se realizan una serie de ejercicios donde se involucra todo el cuerpo sincronizado cada movimiento con la respiraci\u00f3n. En cada sesi\u00f3n trabajamos la movilidad articular, la flexibilidad, el equilibrio, la fuerza y la coordinaci\u00f3n. Trabajamos con el objetivo de obtener una&hellip;<\/p>\n","protected":false},"author":1,"featured_media":0,"parent":0,"menu_order":0,"comment_status":"closed","ping_status":"closed","template":"","meta":{"footnotes":""},"class_list":["post-5695","page","type-page","status-publish","hentry","entry","no-media"],"yoast_head":"<!-- This site is optimized with the Yoast SEO plugin v25.3.1 - https:\/\/yoast.com\/wordpress\/plugins\/seo\/ -->\n<title>Formulario de inscripci\u00f3n - MOUbenestar - Ioga i Pilates<\/title>\n<meta name=\"robots\" content=\"index, follow, max-snippet:-1, max-image-preview:large, max-video-preview:-1\" \/>\n<link rel=\"canonical\" href=\"https:\/\/moubenestar.com\/es\/formulario-de-inscripcion-2\/\" \/>\n<meta property=\"og:locale\" content=\"es_ES\" \/>\n<meta property=\"og:type\" content=\"article\" \/>\n<meta property=\"og:title\" content=\"Formulario de inscripci\u00f3n - MOUbenestar - Ioga i Pilates\" \/>\n<meta property=\"og:description\" content=\"[vc_section full_width=\u00bbstretch_row\u00bb css=\u00bb.vc_custom_1749713314633{padding-top: 80px !important;padding-bottom: 80px !important;}\u00bb][vc_row remove_bottom_col_margin=\u00bbtrue\u00bb][vc_column][vc_column_text css=\u00bb\u00bb color=\u00bbpalette-4735&#8243; font_size=\u00bb15px\u00bb el_class=\u00bbjustificar\u00bb]En nuestras clases se realizan una serie de ejercicios donde se involucra todo el cuerpo sincronizado cada movimiento con la respiraci\u00f3n. En cada sesi\u00f3n trabajamos la movilidad articular, la flexibilidad, el equilibrio, la fuerza y la coordinaci\u00f3n. Trabajamos con el objetivo de obtener una&hellip;\" \/>\n<meta property=\"og:url\" content=\"https:\/\/moubenestar.com\/es\/formulario-de-inscripcion-2\/\" \/>\n<meta property=\"og:site_name\" content=\"MOUbenestar - Ioga i Pilates\" \/>\n<meta name=\"twitter:card\" content=\"summary_large_image\" \/>\n<meta name=\"twitter:label1\" content=\"Tiempo de lectura\" \/>\n\t<meta name=\"twitter:data1\" content=\"2 minutos\" \/>\n<script type=\"application\/ld+json\" class=\"yoast-schema-graph\">{\"@context\":\"https:\/\/schema.org\",\"@graph\":[{\"@type\":\"WebPage\",\"@id\":\"https:\/\/moubenestar.com\/es\/formulario-de-inscripcion-2\/\",\"url\":\"https:\/\/moubenestar.com\/es\/formulario-de-inscripcion-2\/\",\"name\":\"Formulario de inscripci\u00f3n - MOUbenestar - Ioga i Pilates\",\"isPartOf\":{\"@id\":\"https:\/\/moubenestar.com\/#website\"},\"datePublished\":\"2025-07-14T09:13:55+00:00\",\"breadcrumb\":{\"@id\":\"https:\/\/moubenestar.com\/es\/formulario-de-inscripcion-2\/#breadcrumb\"},\"inLanguage\":\"es\",\"potentialAction\":[{\"@type\":\"ReadAction\",\"target\":[\"https:\/\/moubenestar.com\/es\/formulario-de-inscripcion-2\/\"]}]},{\"@type\":\"BreadcrumbList\",\"@id\":\"https:\/\/moubenestar.com\/es\/formulario-de-inscripcion-2\/#breadcrumb\",\"itemListElement\":[{\"@type\":\"ListItem\",\"position\":1,\"name\":\"Home\",\"item\":\"https:\/\/moubenestar.com\/es\/\"},{\"@type\":\"ListItem\",\"position\":2,\"name\":\"Formulario de inscripci\u00f3n\"}]},{\"@type\":\"WebSite\",\"@id\":\"https:\/\/moubenestar.com\/#website\",\"url\":\"https:\/\/moubenestar.com\/\",\"name\":\"MOUbenestar - Ioga i Pilates\",\"description\":\"Espai de salut i benestar. Ioga, Pilates i entrenaments personals de pilates i classes grupals\",\"publisher\":{\"@id\":\"https:\/\/moubenestar.com\/#organization\"},\"potentialAction\":[{\"@type\":\"SearchAction\",\"target\":{\"@type\":\"EntryPoint\",\"urlTemplate\":\"https:\/\/moubenestar.com\/?s={search_term_string}\"},\"query-input\":{\"@type\":\"PropertyValueSpecification\",\"valueRequired\":true,\"valueName\":\"search_term_string\"}}],\"inLanguage\":\"es\"},{\"@type\":\"Organization\",\"@id\":\"https:\/\/moubenestar.com\/#organization\",\"name\":\"MOUbenestar - Ioga i Pilates\",\"url\":\"https:\/\/moubenestar.com\/\",\"logo\":{\"@type\":\"ImageObject\",\"inLanguage\":\"es\",\"@id\":\"https:\/\/moubenestar.com\/#\/schema\/logo\/image\/\",\"url\":\"https:\/\/moubenestar.com\/wp-content\/uploads\/2025\/06\/MOU-BENESTAR-ARENYS-DE-MUNT.png\",\"contentUrl\":\"https:\/\/moubenestar.com\/wp-content\/uploads\/2025\/06\/MOU-BENESTAR-ARENYS-DE-MUNT.png\",\"width\":692,\"height\":378,\"caption\":\"MOUbenestar - Ioga i Pilates\"},\"image\":{\"@id\":\"https:\/\/moubenestar.com\/#\/schema\/logo\/image\/\"}}]}<\/script>\n<!-- \/ Yoast SEO plugin. -->","yoast_head_json":{"title":"Formulario de inscripci\u00f3n - MOUbenestar - Ioga i Pilates","robots":{"index":"index","follow":"follow","max-snippet":"max-snippet:-1","max-image-preview":"max-image-preview:large","max-video-preview":"max-video-preview:-1"},"canonical":"https:\/\/moubenestar.com\/es\/formulario-de-inscripcion-2\/","og_locale":"es_ES","og_type":"article","og_title":"Formulario de inscripci\u00f3n - MOUbenestar - Ioga i Pilates","og_description":"[vc_section full_width=\u00bbstretch_row\u00bb css=\u00bb.vc_custom_1749713314633{padding-top: 80px !important;padding-bottom: 80px !important;}\u00bb][vc_row remove_bottom_col_margin=\u00bbtrue\u00bb][vc_column][vc_column_text css=\u00bb\u00bb color=\u00bbpalette-4735&#8243; font_size=\u00bb15px\u00bb el_class=\u00bbjustificar\u00bb]En nuestras clases se realizan una serie de ejercicios donde se involucra todo el cuerpo sincronizado cada movimiento con la respiraci\u00f3n. En cada sesi\u00f3n trabajamos la movilidad articular, la flexibilidad, el equilibrio, la fuerza y la coordinaci\u00f3n. Trabajamos con el objetivo de obtener una&hellip;","og_url":"https:\/\/moubenestar.com\/es\/formulario-de-inscripcion-2\/","og_site_name":"MOUbenestar - Ioga i Pilates","twitter_card":"summary_large_image","twitter_misc":{"Tiempo de lectura":"2 minutos"},"schema":{"@context":"https:\/\/schema.org","@graph":[{"@type":"WebPage","@id":"https:\/\/moubenestar.com\/es\/formulario-de-inscripcion-2\/","url":"https:\/\/moubenestar.com\/es\/formulario-de-inscripcion-2\/","name":"Formulario de inscripci\u00f3n - MOUbenestar - Ioga i Pilates","isPartOf":{"@id":"https:\/\/moubenestar.com\/#website"},"datePublished":"2025-07-14T09:13:55+00:00","breadcrumb":{"@id":"https:\/\/moubenestar.com\/es\/formulario-de-inscripcion-2\/#breadcrumb"},"inLanguage":"es","potentialAction":[{"@type":"ReadAction","target":["https:\/\/moubenestar.com\/es\/formulario-de-inscripcion-2\/"]}]},{"@type":"BreadcrumbList","@id":"https:\/\/moubenestar.com\/es\/formulario-de-inscripcion-2\/#breadcrumb","itemListElement":[{"@type":"ListItem","position":1,"name":"Home","item":"https:\/\/moubenestar.com\/es\/"},{"@type":"ListItem","position":2,"name":"Formulario de inscripci\u00f3n"}]},{"@type":"WebSite","@id":"https:\/\/moubenestar.com\/#website","url":"https:\/\/moubenestar.com\/","name":"MOUbenestar - Ioga i Pilates","description":"Espai de salut i benestar. Ioga, Pilates i entrenaments personals de pilates i classes grupals","publisher":{"@id":"https:\/\/moubenestar.com\/#organization"},"potentialAction":[{"@type":"SearchAction","target":{"@type":"EntryPoint","urlTemplate":"https:\/\/moubenestar.com\/?s={search_term_string}"},"query-input":{"@type":"PropertyValueSpecification","valueRequired":true,"valueName":"search_term_string"}}],"inLanguage":"es"},{"@type":"Organization","@id":"https:\/\/moubenestar.com\/#organization","name":"MOUbenestar - Ioga i Pilates","url":"https:\/\/moubenestar.com\/","logo":{"@type":"ImageObject","inLanguage":"es","@id":"https:\/\/moubenestar.com\/#\/schema\/logo\/image\/","url":"https:\/\/moubenestar.com\/wp-content\/uploads\/2025\/06\/MOU-BENESTAR-ARENYS-DE-MUNT.png","contentUrl":"https:\/\/moubenestar.com\/wp-content\/uploads\/2025\/06\/MOU-BENESTAR-ARENYS-DE-MUNT.png","width":692,"height":378,"caption":"MOUbenestar - Ioga i Pilates"},"image":{"@id":"https:\/\/moubenestar.com\/#\/schema\/logo\/image\/"}}]}},"_links":{"self":[{"href":"https:\/\/moubenestar.com\/es\/wp-json\/wp\/v2\/pages\/5695","targetHints":{"allow":["GET"]}}],"collection":[{"href":"https:\/\/moubenestar.com\/es\/wp-json\/wp\/v2\/pages"}],"about":[{"href":"https:\/\/moubenestar.com\/es\/wp-json\/wp\/v2\/types\/page"}],"author":[{"embeddable":true,"href":"https:\/\/moubenestar.com\/es\/wp-json\/wp\/v2\/users\/1"}],"replies":[{"embeddable":true,"href":"https:\/\/moubenestar.com\/es\/wp-json\/wp\/v2\/comments?post=5695"}],"version-history":[{"count":1,"href":"https:\/\/moubenestar.com\/es\/wp-json\/wp\/v2\/pages\/5695\/revisions"}],"predecessor-version":[{"id":5697,"href":"https:\/\/moubenestar.com\/es\/wp-json\/wp\/v2\/pages\/5695\/revisions\/5697"}],"wp:attachment":[{"href":"https:\/\/moubenestar.com\/es\/wp-json\/wp\/v2\/media?parent=5695"}],"curies":[{"name":"wp","href":"https:\/\/api.w.org\/{rel}","templated":true}]}}